{"id":1293,"date":"2022-09-27T16:37:26","date_gmt":"2022-09-27T09:37:26","guid":{"rendered":"http:\/\/36512.lamdx.vinawebsite.vn\/?post_type=product&#038;p=1293"},"modified":"2022-09-28T09:21:20","modified_gmt":"2022-09-28T02:21:20","slug":"veichi-v7e-servo-engine","status":"publish","type":"product","link":"https:\/\/lamat.com.vn\/en\/san-pham\/veichi-v7e-servo-engine\/","title":{"rendered":"VEichi V7E servo engine"},"content":{"rendered":"<h3>T\u1ed5ng quan v\u1ec1 \u0111\u1ed9ng c\u01a1 Servo V7E<\/h3>\n<p>\u0110\u1ed9ng c\u01a1 Servo d\u00f2ng VEICHI V7E \u0111\u01b0\u1ee3c s\u1eed d\u1ee5ng c\u00f9ng v\u1edbi \u1ed5 \u0111\u0129a servo SD700 m\u1edbi \u0111\u01b0\u1ee3c n\u00e2ng c\u1ea5p.\u00a0Thi\u1ebft k\u1ebf hi\u1ec7u su\u1ea5t tuy\u1ec7t v\u1eddi cho ph\u00e9p \u0111\u1ed9ng c\u01a1 c\u1ee7a ch\u00fang t\u00f4i \u0111\u01b0\u1ee3c s\u1eed d\u1ee5ng r\u1ed9ng r\u00e3i trong c\u00e1c l\u0129nh v\u1ef1c c\u00f4ng nghi\u1ec7p kh\u00e1c nhau, ch\u1eb3ng h\u1ea1n nh\u01b0 m\u00e1y c\u00f4ng c\u1ee5, c\u00f4ng nghi\u1ec7p \u0111\u00f3ng g\u00f3i, r\u00f4 b\u1ed1t c\u00f4ng nghi\u1ec7p, v.v.<\/p>\n<p><img decoding=\"async\" data-src=\"https:\/\/lamat.com.vn\/wp-content\/uploads\/2022\/09\/dong-co-servo-veichi-v7e-828.jpg\" alt=\"\" src=\"data:image\/svg+xml;base64,PHN2ZyB3aWR0aD0iMSIgaGVpZ2h0PSIxIiB4bWxucz0iaHR0cDovL3d3dy53My5vcmcvMjAwMC9zdmciPjwvc3ZnPg==\" class=\"lazyload\" \/><\/p>\n<p>1. Ti\u1ebft ki\u1ec7m chi ph\u00ed<br \/>\n2. T\u1ed1t h\u01a1n<br \/>\n3. T\u0103ng nhi\u1ec7t \u0111\u1ed9 th\u1ea5p h\u01a1n<br \/>\n4. \u0110\u1ed9 ch\u00ednh x\u00e1c cao h\u01a1n<br \/>\n5. Chi\u1ec1u d\u00e0i ng\u1eafn h\u01a1n<br \/>\n6. B\u1ea3o v\u1ec7 t\u1ed1t h\u01a1n<\/p>\n<h3>\u0110\u1ea7y \u0111\u1ee7 c\u00e1c lo\u1ea1i c\u1ea5p b\u1ea3o v\u1ec7 th\u00e2n \u0111\u1ed9ng c\u01a1 IP67, b\u1ec1n h\u01a1n<\/h3>\n<p>C\u1ea5p \u0111\u1ed9 b\u1ea3o v\u1ec7 c\u1ee7a to\u00e0n b\u1ed9 lo\u1ea1t \u0111\u1ed9ng c\u01a1 V7E \u0111\u00e3 \u0111\u1ea1t \u0111\u1ebfn c\u1ea5p \u0111\u1ed9 IP67.\u00a0M\u1ee9c \u0111\u1ed9 b\u1ea3o v\u1ec7 cao c\u00f3 th\u1ec3 l\u00e0m cho \u0111\u1ed9ng c\u01a1 ph\u00f9 h\u1ee3p v\u1edbi nhi\u1ec1u m\u00f4i tr\u01b0\u1eddng h\u01a1n, do \u0111\u00f3 \u0111\u1ed9ng c\u01a1 c\u00f3 tu\u1ed5i th\u1ecd ho\u1ea1t \u0111\u1ed9ng l\u00e2u h\u01a1n v\u00e0 m\u1ee9c \u0111\u1ed9 b\u1ea3o v\u1ec7 \u0111\u00e3 \u0111\u1ea1t \u0111\u1ebfn ti\u00eau chu\u1ea9n cao nh\u1ea5t trong ng\u00e0nh.<\/p>\n<p><img decoding=\"async\" data-src=\"https:\/\/lamat.com.vn\/wp-content\/uploads\/2022\/09\/dong-co-servo-veichi-v7e-828-1.jpg\" alt=\"\" src=\"data:image\/svg+xml;base64,PHN2ZyB3aWR0aD0iMSIgaGVpZ2h0PSIxIiB4bWxucz0iaHR0cDovL3d3dy53My5vcmcvMjAwMC9zdmciPjwvc3ZnPg==\" class=\"lazyload\" \/><\/p>\n<p>B\u1ee5i v\u00e0 kh\u00ed kh\u00f4ng th\u1ec3 l\u1ecdt v\u00e0o v\u00e0 t\u1ea5t c\u1ea3 c\u00e1c khe h\u1edf \u0111\u1ec1u c\u00f3 c\u00e1c b\u1ed9 ph\u1eadn b\u1eb1ng cao su \u0111\u1ec3 \u0111\u1ea3m b\u1ea3o \u0111\u1ed9 k\u00edn kh\u00ed \u0111\u00e1ng tin c\u1eady.<\/p>\n<p><img decoding=\"async\" data-src=\"https:\/\/lamat.com.vn\/wp-content\/uploads\/2022\/09\/dong-co-servo-veichi-v7e-828-2.jpg\" alt=\"\" src=\"data:image\/svg+xml;base64,PHN2ZyB3aWR0aD0iMSIgaGVpZ2h0PSIxIiB4bWxucz0iaHR0cDovL3d3dy53My5vcmcvMjAwMC9zdmciPjwvc3ZnPg==\" class=\"lazyload\" \/><\/p>\n<p>M\u1ed9t tia n\u01b0\u1edbc phun m\u1ea1nh t\u1eeb b\u1ea5t k\u1ef3 h\u01b0\u1edbng n\u00e0o v\u00e0o v\u1ecf b\u1ecdc s\u1ebd kh\u00f4ng c\u00f3 t\u00e1c d\u1ee5ng ph\u1ee5.<\/p>\n<p><img decoding=\"async\" data-src=\"https:\/\/lamat.com.vn\/wp-content\/uploads\/2022\/09\/dong-co-servo-veichi-v7e-828-3.jpg\" alt=\"\" src=\"data:image\/svg+xml;base64,PHN2ZyB3aWR0aD0iMSIgaGVpZ2h0PSIxIiB4bWxucz0iaHR0cDovL3d3dy53My5vcmcvMjAwMC9zdmciPjwvc3ZnPg==\" class=\"lazyload\" \/><\/p>\n<p>Trong \u0111i\u1ec1u ki\u1ec7n nhi\u1ec7t \u0111\u1ed9 v\u00e0 \u00e1p su\u1ea5t b\u00ecnh th\u01b0\u1eddng, s\u1ebd kh\u00f4ng c\u00f3 t\u00e1c h\u1ea1i khi v\u1ecf \u0111\u01b0\u1ee3c ng\u00e2m t\u1ea1m th\u1eddi trong n\u01b0\u1edbc \u1edf \u0111\u1ed9 s\u00e2u 1M.<\/p>\n<p><img decoding=\"async\" data-src=\"https:\/\/lamat.com.vn\/wp-content\/uploads\/2022\/09\/dong-co-servo-veichi-v7e-828-4.jpg\" alt=\"\" src=\"data:image\/svg+xml;base64,PHN2ZyB3aWR0aD0iMSIgaGVpZ2h0PSIxIiB4bWxucz0iaHR0cDovL3d3dy53My5vcmcvMjAwMC9zdmciPjwvc3ZnPg==\" class=\"lazyload\" \/><\/p>\n<h3>Kh\u00f4ng c\u00f3 d\u00e2y d\u1eabn, \u0111\u1eb9p h\u01a1n<\/h3>\n<p>\u0110\u1ed9ng c\u01a1 V7E s\u1eed d\u1ee5ng h\u1ec7 th\u1ed1ng d\u00e2y c\u1eafm tr\u00ean kh\u00f4ng, kh\u00f4ng c\u00f3 d\u00e2y d\u1eabn, n\u1eafp cu\u1ed1i t\u00edch h\u1ee3p v\u00e0 \u00edt l\u1ed7 h\u01a1n cho v\u00edt tr\u00ean n\u1eafp tr\u01b0\u1edbc.\u00a0V\u1ec1 t\u1ed5ng th\u1ec3, \u0111\u1ed9ng c\u01a1 \u0111\u01a1n gi\u1ea3n v\u00e0 \u0111\u1eb9p h\u01a1n.<\/p>\n<p><img decoding=\"async\" data-src=\"https:\/\/lamat.com.vn\/wp-content\/uploads\/2022\/09\/dong-co-servo-veichi-v7e-828-5.jpg\" alt=\"\" src=\"data:image\/svg+xml;base64,PHN2ZyB3aWR0aD0iMSIgaGVpZ2h0PSIxIiB4bWxucz0iaHR0cDovL3d3dy53My5vcmcvMjAwMC9zdmciPjwvc3ZnPg==\" class=\"lazyload\" \/><\/p>\n<h3>Nhi\u1ec7t \u0111\u1ed9 t\u0103ng c\u1ee7a \u0111\u1ed9ng c\u01a1 th\u1ea5p h\u01a1n, th\u00e2n thi\u1ec7n h\u01a1n v\u1edbi thi\u1ebft b\u1ecb<\/h3>\n<p>Nhi\u1ec7t \u0111\u1ed9 t\u0103ng c\u1ee7a \u0111\u1ed9ng c\u01a1 V7E \u0111\u00e3 \u0111\u01b0\u1ee3c c\u1ea3i thi\u1ec7n \u0111\u00e1ng k\u1ec3.\u00a0So v\u1edbi \u0111\u1ed9ng c\u01a1 VM7, m\u1ee9c t\u0103ng nhi\u1ec7t \u0111\u1ed9 t\u1ed5ng th\u1ec3 \u0111\u00e3 gi\u1ea3m 5-10 \u00b0 C.\u00a0(\u0110\u1ed9ng c\u01a1 750W)<\/p>\n<p><img decoding=\"async\" data-src=\"https:\/\/lamat.com.vn\/wp-content\/uploads\/2022\/09\/dong-co-servo-veichi-v7e-828-6.jpg\" alt=\"\" src=\"data:image\/svg+xml;base64,PHN2ZyB3aWR0aD0iMSIgaGVpZ2h0PSIxIiB4bWxucz0iaHR0cDovL3d3dy53My5vcmcvMjAwMC9zdmciPjwvc3ZnPg==\" class=\"lazyload\" \/><\/p>\n<h3>\u00cdt tr\u1ee5c ch\u1ea1y h\u01a1n v\u00e0 \u0111\u1ed9 ch\u00ednh x\u00e1c cao h\u01a1n<\/h3>\n<p>\u0110\u01b0\u1eddng d\u1eabn tr\u1ee5c c\u1ee7a \u0111\u1ed9ng c\u01a1 V7E nh\u1ecf h\u01a1n v\u00e0 \u0111\u1ed9 ch\u00ednh x\u00e1c cao h\u01a1n, c\u00f3 th\u1ec3 th\u00e1ch th\u1ee9c c\u00e1c \u1ee9ng d\u1ee5ng cao c\u1ea5p h\u01a1n.\u00a0T\u1eeb \u0111\u1ed9 ch\u00ednh x\u00e1c b\u01b0\u1edbc nh\u1ea3y tr\u1ee5c 4 d\u00e2y ban \u0111\u1ea7u \u0111\u1ebfn \u0111\u1ed9 ch\u00ednh x\u00e1c b\u01b0\u1edbc nh\u1ea3y tr\u1ee5c 2 d\u00e2y, n\u00f3 thu\u1ed9c v\u00e0o c\u1ea5p \u0111\u1ed9 ti\u00ean ti\u1ebfn trong ng\u00e0nh.<\/p>\n<p><img decoding=\"async\" data-src=\"https:\/\/lamat.com.vn\/wp-content\/uploads\/2022\/09\/dong-co-servo-veichi-v7e-828-7.jpg\" alt=\"\" src=\"data:image\/svg+xml;base64,PHN2ZyB3aWR0aD0iMSIgaGVpZ2h0PSIxIiB4bWxucz0iaHR0cDovL3d3dy53My5vcmcvMjAwMC9zdmciPjwvc3ZnPg==\" class=\"lazyload\" \/><\/p>\n<h3>\u0110\u1ed9ng c\u01a1 ng\u1eafn h\u01a1n, ph\u1ea1m vi \u1ee9ng d\u1ee5ng r\u1ed9ng h\u01a1n<\/h3>\n<p>V\u1edbi s\u1ef1 t\u00edch h\u1ee3p ng\u00e0y c\u00e0ng nhi\u1ec1u c\u1ee7a c\u00e1c thi\u1ebft b\u1ecb t\u1ef1 \u0111\u1ed9ng h\u00f3a, kh\u00f4ng gian l\u1eafp \u0111\u1eb7t ng\u00e0y c\u00e0ng nh\u1ecf h\u01a1n.\u00a0\u0110\u1ec3 th\u00edch \u1ee9ng v\u1edbi xu h\u01b0\u1edbng n\u00e0y, \u0111\u1ed9ng c\u01a1 V7E c\u1ee7a ch\u00fang t\u00f4i \u0111\u01b0\u1ee3c ch\u1ebf t\u1ea1o ng\u1eafn h\u01a1n, c\u00f3 th\u1ec3 \u00e1p d\u1ee5ng cho nhi\u1ec1u ng\u00e0nh c\u00f4ng nghi\u1ec7p y\u00eau c\u1ea7u chi\u1ec1u d\u00e0i \u0111\u1ed9ng c\u01a1 h\u01a1n.<\/p>\n<p><img decoding=\"async\" data-src=\"https:\/\/lamat.com.vn\/wp-content\/uploads\/2022\/09\/dong-co-servo-veichi-v7e-828-8.jpg\" alt=\"\" src=\"data:image\/svg+xml;base64,PHN2ZyB3aWR0aD0iMSIgaGVpZ2h0PSIxIiB4bWxucz0iaHR0cDovL3d3dy53My5vcmcvMjAwMC9zdmciPjwvc3ZnPg==\" class=\"lazyload\" \/><\/p>\n<h3>S\u1ef1 kh\u00e1c bi\u1ec7t gi\u1eefa \u0111\u1ed9ng c\u01a1 V7E v\u00e0 d\u00e2y \u0111\u1ed9ng c\u01a1 VM7<\/h3>\n<p><img decoding=\"async\" data-src=\"https:\/\/lamat.com.vn\/wp-content\/uploads\/2022\/09\/dong-co-servo-veichi-v7e-828-9.jpg\" alt=\"\" src=\"data:image\/svg+xml;base64,PHN2ZyB3aWR0aD0iMSIgaGVpZ2h0PSIxIiB4bWxucz0iaHR0cDovL3d3dy53My5vcmcvMjAwMC9zdmciPjwvc3ZnPg==\" class=\"lazyload\" \/><\/p>\n<p>1. \u0110\u1ed9ng c\u01a1 VM7 m\u1eb7t b\u00edch 40\/60\/80 \u0111\u01b0\u1ee3c thay th\u1ebf b\u1eb1ng \u0111\u1ed9ng c\u01a1 V7E m\u00e0 kh\u00f4ng c\u1ea7n thay th\u1ebf d\u00e2y g\u1ed1c, nh\u01b0ng c\u00f3 th\u1ec3 th\u00eam d\u00e2y b\u1ed5 sung;<br \/>\n2. \u0110\u1ed9ng c\u01a1 m\u1eb7t b\u00edch 110 tr\u1edf l\u00ean c\u00f3 th\u1ec3 \u0111\u01b0\u1ee3c chuy\u1ec3n \u0111\u1ed5i li\u1ec1n m\u1ea1ch m\u00e0 kh\u00f4ng c\u1ea7n d\u00e2y chuy\u1ec3n \u0111\u1ed5i.<\/p>\n<h3>C\u00e1c \u1ee9ng d\u1ee5ng c\u00f4ng nghi\u1ec7p cho \u0111\u1ed9ng c\u01a1 Servo d\u00f2ng V7E<\/h3>\n<p>\u1ee8ng d\u1ee5ng \uff1a Thi\u1ebft b\u1ecb s\u1ea3n xu\u1ea5t \u0111i\u1ec7n t\u1eed, thi\u1ebft b\u1ecb \u0111i\u1ec1u khi\u1ec3n s\u1ed1, m\u00e1y \u0111\u00f3ng g\u00f3i, m\u00e1y in, m\u00e1y d\u1ec7t, m\u00e1y nh\u1ef1a v\u00e0 thi\u1ebft b\u1ecb th\u1ee7y tinh, thi\u1ebft b\u1ecb th\u1eed nghi\u1ec7m, v.v.<\/p>\n<!-- AddThis Advanced Settings generic via filter on the_content --><!-- AddThis Share Buttons generic via filter on the_content -->","protected":false},"excerpt":{"rendered":"<ul>\n<li>Cost-effective<\/li>\n<li>Lower temperature rise<\/li>\n<li>Higher precision<\/li>\n<li>Better protection<\/li>\n<\/ul>\n","protected":false},"featured_media":0,"comment_status":"open","ping_status":"closed","template":"","meta":[],"product_brand":[],"product_cat":[],"product_tag":[],"class_list":{"0":"post-1293","1":"product","2":"type-product","3":"status-publish","6":"first","7":"instock","8":"shipping-taxable","9":"product-type-simple"},"acf":[],"yoast_head":"<!-- This site is optimized with the Yoast SEO plugin v26.8 - https:\/\/yoast.com\/product\/yoast-seo-wordpress\/ -->\n<title>VEichi V7E servo engine<\/title>\n<meta name=\"robots\" content=\"index, follow, max-snippet:-1, max-image-preview:large, max-video-preview:-1\" \/>\n<link rel=\"canonical\" href=\"https:\/\/lamat.com.vn\/en\/san-pham\/veichi-v7e-servo-engine\/\" \/>\n<meta property=\"og:locale\" content=\"en_US\" \/>\n<meta property=\"og:type\" content=\"article\" \/>\n<meta property=\"og:title\" content=\"VEichi V7E servo engine\" \/>\n<meta property=\"og:description\" content=\"Cost-effective  Lower temperature rise  Higher precision  Better protection\" \/>\n<meta property=\"og:url\" content=\"https:\/\/lamat.com.vn\/en\/san-pham\/veichi-v7e-servo-engine\/\" \/>\n<meta property=\"og:site_name\" content=\"C\u00d4NG TY TNHH T\u1ef0 \u0110\u1ed8NG L\u00c2M GIA HUY\" \/>\n<meta property=\"article:publisher\" content=\"https:\/\/www.facebook.com\/bientanveichinidec.lamas\/\" \/>\n<meta property=\"article:modified_time\" content=\"2022-09-28T02:21:20+00:00\" \/>\n<meta property=\"og:image\" content=\"https:\/\/lamat.com.vn\/wp-content\/uploads\/2022\/09\/dong-co-servo-veichi-v7e-828.jpg\" \/>\n<meta name=\"twitter:card\" content=\"summary_large_image\" \/>\n<meta name=\"twitter:label1\" content=\"Est. reading time\" \/>\n\t<meta name=\"twitter:data1\" content=\"6 minutes\" \/>\n<script type=\"application\/ld+json\" class=\"yoast-schema-graph\">{\"@context\":\"https:\/\/schema.org\",\"@graph\":[{\"@type\":\"WebPage\",\"@id\":\"https:\/\/lamat.com.vn\/en\/san-pham\/veichi-v7e-servo-engine\/\",\"url\":\"https:\/\/lamat.com.vn\/en\/san-pham\/veichi-v7e-servo-engine\/\",\"name\":\"VEichi V7E servo engine\",\"isPartOf\":{\"@id\":\"https:\/\/lamat.com.vn\/#website\"},\"primaryImageOfPage\":{\"@id\":\"https:\/\/lamat.com.vn\/en\/san-pham\/veichi-v7e-servo-engine\/#primaryimage\"},\"image\":{\"@id\":\"https:\/\/lamat.com.vn\/en\/san-pham\/veichi-v7e-servo-engine\/#primaryimage\"},\"thumbnailUrl\":\"https:\/\/lamat.com.vn\/wp-content\/uploads\/2022\/09\/dong-co-servo-veichi-v7e-828.jpg\",\"datePublished\":\"2022-09-27T09:37:26+00:00\",\"dateModified\":\"2022-09-28T02:21:20+00:00\",\"breadcrumb\":{\"@id\":\"https:\/\/lamat.com.vn\/en\/san-pham\/veichi-v7e-servo-engine\/#breadcrumb\"},\"inLanguage\":\"en-US\",\"potentialAction\":[{\"@type\":\"ReadAction\",\"target\":[\"https:\/\/lamat.com.vn\/en\/san-pham\/veichi-v7e-servo-engine\/\"]}]},{\"@type\":\"ImageObject\",\"inLanguage\":\"en-US\",\"@id\":\"https:\/\/lamat.com.vn\/en\/san-pham\/veichi-v7e-servo-engine\/#primaryimage\",\"url\":\"https:\/\/lamat.com.vn\/wp-content\/uploads\/2022\/09\/dong-co-servo-veichi-v7e-828.jpg\",\"contentUrl\":\"https:\/\/lamat.com.vn\/wp-content\/uploads\/2022\/09\/dong-co-servo-veichi-v7e-828.jpg\"},{\"@type\":\"BreadcrumbList\",\"@id\":\"https:\/\/lamat.com.vn\/en\/san-pham\/veichi-v7e-servo-engine\/#breadcrumb\",\"itemListElement\":[{\"@type\":\"ListItem\",\"position\":1,\"name\":\"Home\",\"item\":\"https:\/\/lamat.com.vn\/en\/\"},{\"@type\":\"ListItem\",\"position\":2,\"name\":\"S\u1ea3n ph\u1ea9m\",\"item\":\"https:\/\/lamat.com.vn\/san-pham\/\"},{\"@type\":\"ListItem\",\"position\":3,\"name\":\"VEichi V7E servo engine\"}]},{\"@type\":\"WebSite\",\"@id\":\"https:\/\/lamat.com.vn\/#website\",\"url\":\"https:\/\/lamat.com.vn\/\",\"name\":\"C\u00d4NG TY TNHH D\u1ecaCH V\u1ee4 T\u1ef0 \u0110\u1ed8NG L\u00c2M GIA HUY\",\"description\":\"C\u00d4NG TY TNHH T\u1ef0 \u0110\u1ed8NG L\u00c2M GIA HUY\",\"publisher\":{\"@id\":\"https:\/\/lamat.com.vn\/#organization\"},\"alternateName\":\"C\u00d4NG TY TNHH D\u1ecaCH V\u1ee4 T\u1ef0 \u0110\u1ed8NG L\u00c2M GIA HUY\",\"potentialAction\":[{\"@type\":\"SearchAction\",\"target\":{\"@type\":\"EntryPoint\",\"urlTemplate\":\"https:\/\/lamat.com.vn\/?s={search_term_string}\"},\"query-input\":{\"@type\":\"PropertyValueSpecification\",\"valueRequired\":true,\"valueName\":\"search_term_string\"}}],\"inLanguage\":\"en-US\"},{\"@type\":\"Organization\",\"@id\":\"https:\/\/lamat.com.vn\/#organization\",\"name\":\"C\u00d4NG TY TNHH D\u1ecaCH V\u1ee4 T\u1ef0 \u0110\u1ed8NG L\u00c2M GIA HUY\",\"alternateName\":\"C\u00d4NG TY TNHH D\u1ecaCH V\u1ee4 T\u1ef0 \u0110\u1ed8NG L\u00c2M GIA HUY\",\"url\":\"https:\/\/lamat.com.vn\/\",\"logo\":{\"@type\":\"ImageObject\",\"inLanguage\":\"en-US\",\"@id\":\"https:\/\/lamat.com.vn\/#\/schema\/logo\/image\/\",\"url\":\"https:\/\/lamat.com.vn\/wp-content\/uploads\/2024\/10\/logo-tieng-viet.png\",\"contentUrl\":\"https:\/\/lamat.com.vn\/wp-content\/uploads\/2024\/10\/logo-tieng-viet.png\",\"width\":852,\"height\":365,\"caption\":\"C\u00d4NG TY TNHH D\u1ecaCH V\u1ee4 T\u1ef0 \u0110\u1ed8NG L\u00c2M GIA HUY\"},\"image\":{\"@id\":\"https:\/\/lamat.com.vn\/#\/schema\/logo\/image\/\"},\"sameAs\":[\"https:\/\/www.facebook.com\/bientanveichinidec.lamas\/\"]}]}<\/script>\n<!-- \/ Yoast SEO plugin. -->","yoast_head_json":{"title":"VEichi V7E servo engine","robots":{"index":"index","follow":"follow","max-snippet":"max-snippet:-1","max-image-preview":"max-image-preview:large","max-video-preview":"max-video-preview:-1"},"canonical":"https:\/\/lamat.com.vn\/en\/san-pham\/veichi-v7e-servo-engine\/","og_locale":"en_US","og_type":"article","og_title":"VEichi V7E servo engine","og_description":"Cost-effective  Lower temperature rise  Higher precision  Better protection","og_url":"https:\/\/lamat.com.vn\/en\/san-pham\/veichi-v7e-servo-engine\/","og_site_name":"C\u00d4NG TY TNHH T\u1ef0 \u0110\u1ed8NG L\u00c2M GIA HUY","article_publisher":"https:\/\/www.facebook.com\/bientanveichinidec.lamas\/","article_modified_time":"2022-09-28T02:21:20+00:00","og_image":[{"url":"https:\/\/lamat.com.vn\/wp-content\/uploads\/2022\/09\/dong-co-servo-veichi-v7e-828.jpg","type":"","width":"","height":""}],"twitter_card":"summary_large_image","twitter_misc":{"Est. reading time":"6 minutes"},"schema":{"@context":"https:\/\/schema.org","@graph":[{"@type":"WebPage","@id":"https:\/\/lamat.com.vn\/en\/san-pham\/veichi-v7e-servo-engine\/","url":"https:\/\/lamat.com.vn\/en\/san-pham\/veichi-v7e-servo-engine\/","name":"VEichi V7E servo engine","isPartOf":{"@id":"https:\/\/lamat.com.vn\/#website"},"primaryImageOfPage":{"@id":"https:\/\/lamat.com.vn\/en\/san-pham\/veichi-v7e-servo-engine\/#primaryimage"},"image":{"@id":"https:\/\/lamat.com.vn\/en\/san-pham\/veichi-v7e-servo-engine\/#primaryimage"},"thumbnailUrl":"https:\/\/lamat.com.vn\/wp-content\/uploads\/2022\/09\/dong-co-servo-veichi-v7e-828.jpg","datePublished":"2022-09-27T09:37:26+00:00","dateModified":"2022-09-28T02:21:20+00:00","breadcrumb":{"@id":"https:\/\/lamat.com.vn\/en\/san-pham\/veichi-v7e-servo-engine\/#breadcrumb"},"inLanguage":"en-US","potentialAction":[{"@type":"ReadAction","target":["https:\/\/lamat.com.vn\/en\/san-pham\/veichi-v7e-servo-engine\/"]}]},{"@type":"ImageObject","inLanguage":"en-US","@id":"https:\/\/lamat.com.vn\/en\/san-pham\/veichi-v7e-servo-engine\/#primaryimage","url":"https:\/\/lamat.com.vn\/wp-content\/uploads\/2022\/09\/dong-co-servo-veichi-v7e-828.jpg","contentUrl":"https:\/\/lamat.com.vn\/wp-content\/uploads\/2022\/09\/dong-co-servo-veichi-v7e-828.jpg"},{"@type":"BreadcrumbList","@id":"https:\/\/lamat.com.vn\/en\/san-pham\/veichi-v7e-servo-engine\/#breadcrumb","itemListElement":[{"@type":"ListItem","position":1,"name":"Home","item":"https:\/\/lamat.com.vn\/en\/"},{"@type":"ListItem","position":2,"name":"S\u1ea3n ph\u1ea9m","item":"https:\/\/lamat.com.vn\/san-pham\/"},{"@type":"ListItem","position":3,"name":"VEichi V7E servo engine"}]},{"@type":"WebSite","@id":"https:\/\/lamat.com.vn\/#website","url":"https:\/\/lamat.com.vn\/","name":"C\u00d4NG TY TNHH D\u1ecaCH V\u1ee4 T\u1ef0 \u0110\u1ed8NG L\u00c2M GIA HUY","description":"C\u00d4NG TY TNHH T\u1ef0 \u0110\u1ed8NG L\u00c2M GIA HUY","publisher":{"@id":"https:\/\/lamat.com.vn\/#organization"},"alternateName":"C\u00d4NG TY TNHH D\u1ecaCH V\u1ee4 T\u1ef0 \u0110\u1ed8NG L\u00c2M GIA HUY","potentialAction":[{"@type":"SearchAction","target":{"@type":"EntryPoint","urlTemplate":"https:\/\/lamat.com.vn\/?s={search_term_string}"},"query-input":{"@type":"PropertyValueSpecification","valueRequired":true,"valueName":"search_term_string"}}],"inLanguage":"en-US"},{"@type":"Organization","@id":"https:\/\/lamat.com.vn\/#organization","name":"C\u00d4NG TY TNHH D\u1ecaCH V\u1ee4 T\u1ef0 \u0110\u1ed8NG L\u00c2M GIA HUY","alternateName":"C\u00d4NG TY TNHH D\u1ecaCH V\u1ee4 T\u1ef0 \u0110\u1ed8NG L\u00c2M GIA HUY","url":"https:\/\/lamat.com.vn\/","logo":{"@type":"ImageObject","inLanguage":"en-US","@id":"https:\/\/lamat.com.vn\/#\/schema\/logo\/image\/","url":"https:\/\/lamat.com.vn\/wp-content\/uploads\/2024\/10\/logo-tieng-viet.png","contentUrl":"https:\/\/lamat.com.vn\/wp-content\/uploads\/2024\/10\/logo-tieng-viet.png","width":852,"height":365,"caption":"C\u00d4NG TY TNHH D\u1ecaCH V\u1ee4 T\u1ef0 \u0110\u1ed8NG L\u00c2M GIA HUY"},"image":{"@id":"https:\/\/lamat.com.vn\/#\/schema\/logo\/image\/"},"sameAs":["https:\/\/www.facebook.com\/bientanveichinidec.lamas\/"]}]}},"_links":{"self":[{"href":"https:\/\/lamat.com.vn\/en\/wp-json\/wp\/v2\/product\/1293","targetHints":{"allow":["GET"]}}],"collection":[{"href":"https:\/\/lamat.com.vn\/en\/wp-json\/wp\/v2\/product"}],"about":[{"href":"https:\/\/lamat.com.vn\/en\/wp-json\/wp\/v2\/types\/product"}],"replies":[{"embeddable":true,"href":"https:\/\/lamat.com.vn\/en\/wp-json\/wp\/v2\/comments?post=1293"}],"wp:attachment":[{"href":"https:\/\/lamat.com.vn\/en\/wp-json\/wp\/v2\/media?parent=1293"}],"wp:term":[{"taxonomy":"product_brand","embeddable":true,"href":"https:\/\/lamat.com.vn\/en\/wp-json\/wp\/v2\/product_brand?post=1293"},{"taxonomy":"product_cat","embeddable":true,"href":"https:\/\/lamat.com.vn\/en\/wp-json\/wp\/v2\/product_cat?post=1293"},{"taxonomy":"product_tag","embeddable":true,"href":"https:\/\/lamat.com.vn\/en\/wp-json\/wp\/v2\/product_tag?post=1293"}],"curies":[{"name":"wp","href":"https:\/\/api.w.org\/{rel}","templated":true}]}}